{"id":1253,"date":"2023-10-27T09:36:50","date_gmt":"2023-10-27T07:36:50","guid":{"rendered":"https:\/\/cardealer.dev-atolldesign.com\/?page_id=1253"},"modified":"2023-10-30T18:45:27","modified_gmt":"2023-10-30T17:45:27","slug":"faire-une-demande","status":"publish","type":"page","link":"https:\/\/cardealer.dev-atolldesign.com\/index.php\/faire-une-demande\/","title":{"rendered":"Faire une demande"},"content":{"rendered":"\t\t<div data-elementor-type=\"wp-page\" data-elementor-id=\"1253\" class=\"elementor elementor-1253\" data-elementor-post-type=\"page\">\n\t\t\t\t<div class=\"elementor-element elementor-element-d925655 e-flex e-con-boxed e-con e-parent\" data-id=\"d925655\" data-element_type=\"container\" data-e-type=\"container\" data-settings=\"{&quot;background_background&quot;:&quot;video&quot;,&quot;background_play_on_mobile&quot;:&quot;yes&quot;,&quot;background_privacy_mode&quot;:&quot;yes&quot;}\">\n\t\t\t\t\t<div class=\"e-con-inner\">\n\t\t<div class=\"elementor-element elementor-element-739f6db e-flex e-con-boxed e-con e-child\" data-id=\"739f6db\" data-element_type=\"container\" data-e-type=\"container\">\n\t\t\t\t\t<div class=\"e-con-inner\">\n\t\t<div class=\"elementor-element elementor-element-f47d16b e-flex e-con-boxed e-con e-child\" data-id=\"f47d16b\" data-element_type=\"container\" data-e-type=\"container\">\n\t\t\t\t\t<div class=\"e-con-inner\">\n\t\t\t\t<div class=\"elementor-element elementor-element-71b2e9e elementor-widget elementor-widget-heading\" data-id=\"71b2e9e\" data-element_type=\"widget\" data-e-type=\"widget\" data-widget_type=\"heading.default\">\n\t\t\t\t<div class=\"elementor-widget-container\">\n\t\t\t\t\t<h2 class=\"elementor-heading-title elementor-size-default\">Faire une demande de v\u00e9hicule<\/h2>\t\t\t\t<\/div>\n\t\t\t\t<\/div>\n\t\t\t\t<div class=\"elementor-element elementor-element-87e7500 elementor-widget__width-initial elementor-widget elementor-widget-text-editor\" data-id=\"87e7500\" data-element_type=\"widget\" data-e-type=\"widget\" data-widget_type=\"text-editor.default\">\n\t\t\t\t<div class=\"elementor-widget-container\">\n\t\t\t\t\t\t\t\t\tNotre \u00e9quipe d\u00e9vou\u00e9e est pr\u00eate \u00e0 vous assister, offrant des conseils experts et des r\u00e9ponses \u00e0 toutes vos interrogations. Nous nous engageons \u00e0 vous fournir un service rapide et efficace pour faciliter votre acc\u00e8s \u00e0 des v\u00e9hicules d\u2019exception venus des quatre coins du monde.\t\t\t\t\t\t\t\t<\/div>\n\t\t\t\t<\/div>\n\t\t\t\t\t<\/div>\n\t\t\t\t<\/div>\n\t\t<div class=\"elementor-element elementor-element-baaeac9 e-flex e-con-boxed e-con e-child\" data-id=\"baaeac9\" data-element_type=\"container\" data-e-type=\"container\">\n\t\t\t\t\t<div class=\"e-con-inner\">\n\t\t\t\t<div class=\"elementor-element elementor-element-eaf5f1a elementor-button-align-end elementor-widget elementor-widget-form\" data-id=\"eaf5f1a\" data-element_type=\"widget\" data-e-type=\"widget\" data-settings=\"{&quot;step_next_label&quot;:&quot;Suivant&quot;,&quot;step_previous_label&quot;:&quot;Pr\\u00e9c\\u00e9dent&quot;,&quot;step_type&quot;:&quot;text&quot;,&quot;button_width&quot;:&quot;100&quot;}\" data-widget_type=\"form.default\">\n\t\t\t\t<div class=\"elementor-widget-container\">\n\t\t\t\t\t\t\t<form class=\"elementor-form\" method=\"post\" name=\"Demande de v\u00e9hicule\" aria-label=\"Demande de v\u00e9hicule\">\n\t\t\t<input type=\"hidden\" name=\"post_id\" value=\"1253\"\/>\n\t\t\t<input type=\"hidden\" name=\"form_id\" value=\"eaf5f1a\"\/>\n\t\t\t<input type=\"hidden\" name=\"referer_title\" value=\"Faire une demande\" \/>\n\n\t\t\t\t\t\t\t<input type=\"hidden\" name=\"queried_id\" value=\"1253\"\/>\n\t\t\t\n\t\t\t<div class=\"elementor-form-fields-wrapper elementor-labels-above\">\n\t\t\t\t\t\t\t\t<div class=\"elementor-field-type-step elementor-field-group elementor-column elementor-field-group-field_616bf1a elementor-col-100\">\n\t\t\t\t\t\t\t<div class=\"e-field-step elementor-hidden\" data-label=\"V\u00e9hicule\" data-previousButton=\"\" data-nextButton=\"\" data-iconUrl=\"\" data-iconLibrary=\"fas fa-car\" data-icon=\"&lt;svg class=&quot;e-font-icon-svg e-fas-car&quot; viewBox=&quot;0 0 512 512&quot; xmlns=&quot;http:\/\/www.w3.org\/2000\/svg&quot;&gt;&lt;path d=&quot;M499.99 176h-59.87l-16.64-41.6C406.38 91.63 365.57 64 319.5 64h-127c-46.06 0-86.88 27.63-103.99 70.4L71.87 176H12.01C4.2 176-1.53 183.34.37 190.91l6 24C7.7 220.25 12.5 224 18.01 224h20.07C24.65 235.73 16 252.78 16 272v48c0 16.12 6.16 30.67 16 41.93V416c0 17.67 14.33 32 32 32h32c17.67 0 32-14.33 32-32v-32h256v32c0 17.67 14.33 32 32 32h32c17.67 0 32-14.33 32-32v-54.07c9.84-11.25 16-25.8 16-41.93v-48c0-19.22-8.65-36.27-22.07-48H494c5.51 0 10.31-3.75 11.64-9.09l6-24c1.89-7.57-3.84-14.91-11.65-14.91zm-352.06-17.83c7.29-18.22 24.94-30.17 44.57-30.17h127c19.63 0 37.28 11.95 44.57 30.17L384 208H128l19.93-49.83zM96 319.8c-19.2 0-32-12.76-32-31.9S76.8 256 96 256s48 28.71 48 47.85-28.8 15.95-48 15.95zm320 0c-19.2 0-48 3.19-48-15.95S396.8 256 416 256s32 12.76 32 31.9-12.8 31.9-32 31.9z&quot;&gt;&lt;\/path&gt;&lt;\/svg&gt;\" ><\/div>\n\n\t\t\t\t\t\t<\/div>\n\t\t\t\t\t\t\t\t<div class=\"elementor-field-type-select elementor-field-group elementor-column elementor-field-group-name elementor-col-20 elementor-field-required\">\n\t\t\t\t\t\t\t\t\t\t\t\t<label for=\"form-field-name\" class=\"elementor-field-label\">\n\t\t\t\t\t\t\t\tMarque\t\t\t\t\t\t\t<\/label>\n\t\t\t\t\t\t\t\t<div class=\"elementor-field elementor-select-wrapper remove-before \">\n\t\t\t<div class=\"select-caret-down-wrapper\">\n\t\t\t\t<svg aria-hidden=\"true\" class=\"e-font-icon-svg e-eicon-caret-down\" viewBox=\"0 0 571.4 571.4\" xmlns=\"http:\/\/www.w3.org\/2000\/svg\"><path d=\"M571 393Q571 407 561 418L311 668Q300 679 286 679T261 668L11 418Q0 407 0 393T11 368 36 357H536Q550 357 561 368T571 393Z\"><\/path><\/svg>\t\t\t<\/div>\n\t\t\t<select name=\"form_fields[name]\" id=\"form-field-name\" class=\"elementor-field-textual elementor-size-sm\" required=\"required\">\n\t\t\t\t\t\t\t\t\t<option value=\"BMW\">BMW<\/option>\n\t\t\t\t\t\t\t\t\t<option value=\"Mercedes Benz\">Mercedes Benz<\/option>\n\t\t\t\t\t\t\t\t\t<option value=\"Audi\">Audi<\/option>\n\t\t\t\t\t\t\t\t\t<option value=\"Toyota\">Toyota<\/option>\n\t\t\t\t\t\t\t\t\t<option value=\"Ford\">Ford<\/option>\n\t\t\t\t\t\t\t\t\t<option value=\"Lexus\">Lexus<\/option>\n\t\t\t\t\t\t\t\t\t<option value=\"Porsche\">Porsche<\/option>\n\t\t\t\t\t\t\t\t\t<option value=\"Tesla\">Tesla<\/option>\n\t\t\t\t\t\t\t\t\t<option value=\"Volkswagen\">Volkswagen<\/option>\n\t\t\t\t\t\t\t\t\t<option value=\"Honda\">Honda<\/option>\n\t\t\t\t\t\t\t<\/select>\n\t\t<\/div>\n\t\t\t\t\t\t<\/div>\n\t\t\t\t\t\t\t\t<div class=\"elementor-field-type-text elementor-field-group elementor-column elementor-field-group-email elementor-col-20 elementor-field-required\">\n\t\t\t\t\t\t\t\t\t\t\t\t<label for=\"form-field-email\" class=\"elementor-field-label\">\n\t\t\t\t\t\t\t\tMod\u00e8le\t\t\t\t\t\t\t<\/label>\n\t\t\t\t\t\t\t\t\t\t\t\t\t\t<input size=\"1\" type=\"text\" name=\"form_fields[email]\" id=\"form-field-email\" class=\"elementor-field elementor-size-sm  elementor-field-textual\" placeholder=\"Mod\u00e8le\" required=\"required\">\n\t\t\t\t\t\t\t\t\t\t\t<\/div>\n\t\t\t\t\t\t\t\t<div class=\"elementor-field-type-select elementor-field-group elementor-column elementor-field-group-message elementor-col-20 elementor-field-required\">\n\t\t\t\t\t\t\t\t\t\t\t\t<label for=\"form-field-message\" class=\"elementor-field-label\">\n\t\t\t\t\t\t\t\tCarburant\t\t\t\t\t\t\t<\/label>\n\t\t\t\t\t\t\t\t<div class=\"elementor-field elementor-select-wrapper remove-before \">\n\t\t\t<div class=\"select-caret-down-wrapper\">\n\t\t\t\t<svg aria-hidden=\"true\" class=\"e-font-icon-svg e-eicon-caret-down\" viewBox=\"0 0 571.4 571.4\" xmlns=\"http:\/\/www.w3.org\/2000\/svg\"><path d=\"M571 393Q571 407 561 418L311 668Q300 679 286 679T261 668L11 418Q0 407 0 393T11 368 36 357H536Q550 357 561 368T571 393Z\"><\/path><\/svg>\t\t\t<\/div>\n\t\t\t<select name=\"form_fields[message]\" id=\"form-field-message\" class=\"elementor-field-textual elementor-size-sm\" required=\"required\">\n\t\t\t\t\t\t\t\t\t<option value=\"Diesel\">Diesel<\/option>\n\t\t\t\t\t\t\t\t\t<option value=\"Essence\">Essence<\/option>\n\t\t\t\t\t\t\t\t\t<option value=\"Hybride\">Hybride<\/option>\n\t\t\t\t\t\t\t\t\t<option value=\"Electrique\">Electrique<\/option>\n\t\t\t\t\t\t\t<\/select>\n\t\t<\/div>\n\t\t\t\t\t\t<\/div>\n\t\t\t\t\t\t\t\t<div class=\"elementor-field-type-text elementor-field-group elementor-column elementor-field-group-field_c7b725f elementor-col-20 elementor-field-required\">\n\t\t\t\t\t\t\t\t\t\t\t\t<label for=\"form-field-field_c7b725f\" class=\"elementor-field-label\">\n\t\t\t\t\t\t\t\tCouleur\t\t\t\t\t\t\t<\/label>\n\t\t\t\t\t\t\t\t\t\t\t\t\t\t<input size=\"1\" type=\"text\" name=\"form_fields[field_c7b725f]\" id=\"form-field-field_c7b725f\" class=\"elementor-field elementor-size-sm  elementor-field-textual\" placeholder=\"Couleur\" required=\"required\">\n\t\t\t\t\t\t\t\t\t\t\t<\/div>\n\t\t\t\t\t\t\t\t<div class=\"elementor-field-type-select elementor-field-group elementor-column elementor-field-group-field_ce0e267 elementor-col-20 elementor-field-required\">\n\t\t\t\t\t\t\t\t\t\t\t\t<label for=\"form-field-field_ce0e267\" class=\"elementor-field-label\">\n\t\t\t\t\t\t\t\tTransmission\t\t\t\t\t\t\t<\/label>\n\t\t\t\t\t\t\t\t<div class=\"elementor-field elementor-select-wrapper remove-before \">\n\t\t\t<div class=\"select-caret-down-wrapper\">\n\t\t\t\t<svg aria-hidden=\"true\" class=\"e-font-icon-svg e-eicon-caret-down\" viewBox=\"0 0 571.4 571.4\" xmlns=\"http:\/\/www.w3.org\/2000\/svg\"><path d=\"M571 393Q571 407 561 418L311 668Q300 679 286 679T261 668L11 418Q0 407 0 393T11 368 36 357H536Q550 357 561 368T571 393Z\"><\/path><\/svg>\t\t\t<\/div>\n\t\t\t<select name=\"form_fields[field_ce0e267]\" id=\"form-field-field_ce0e267\" class=\"elementor-field-textual elementor-size-sm\" required=\"required\">\n\t\t\t\t\t\t\t\t\t<option value=\"Automatique\">Automatique<\/option>\n\t\t\t\t\t\t\t\t\t<option value=\"Semi-automatique\">Semi-automatique<\/option>\n\t\t\t\t\t\t\t\t\t<option value=\"Manuelle\">Manuelle<\/option>\n\t\t\t\t\t\t\t<\/select>\n\t\t<\/div>\n\t\t\t\t\t\t<\/div>\n\t\t\t\t\t\t\t\t<div class=\"elementor-field-type-html elementor-field-group elementor-column elementor-field-group-field_0925fb4 elementor-col-100\">\n\t\t\t\t\t\t\t\t\t<\/div>\n\t\t\t\t\t\t\t\t<div class=\"elementor-field-type-number elementor-field-group elementor-column elementor-field-group-field_499cfbc elementor-col-25 elementor-field-required\">\n\t\t\t\t\t\t\t\t\t\t\t\t<label for=\"form-field-field_499cfbc\" class=\"elementor-field-label\">\n\t\t\t\t\t\t\t\tAnn\u00e9e\t\t\t\t\t\t\t<\/label>\n\t\t\t\t\t\t\t\t\t<input type=\"number\" name=\"form_fields[field_499cfbc]\" id=\"form-field-field_499cfbc\" class=\"elementor-field elementor-size-sm  elementor-field-textual\" placeholder=\"Ann\u00e9e de fabrication\" required=\"required\" min=\"1990\" max=\"2023\" >\n\t\t\t\t\t\t<\/div>\n\t\t\t\t\t\t\t\t<div class=\"elementor-field-type-number elementor-field-group elementor-column elementor-field-group-field_b52583e elementor-col-25 elementor-field-required\">\n\t\t\t\t\t\t\t\t\t\t\t\t<label for=\"form-field-field_b52583e\" class=\"elementor-field-label\">\n\t\t\t\t\t\t\t\tBudget (\u20ac)\t\t\t\t\t\t\t<\/label>\n\t\t\t\t\t\t\t\t\t<input type=\"number\" name=\"form_fields[field_b52583e]\" id=\"form-field-field_b52583e\" class=\"elementor-field elementor-size-sm  elementor-field-textual\" placeholder=\"Budget\" required=\"required\" min=\"\" max=\"\" >\n\t\t\t\t\t\t<\/div>\n\t\t\t\t\t\t\t\t<div class=\"elementor-field-type-number elementor-field-group elementor-column elementor-field-group-field_14ff1dd elementor-col-25 elementor-field-required\">\n\t\t\t\t\t\t\t\t\t\t\t\t<label for=\"form-field-field_14ff1dd\" class=\"elementor-field-label\">\n\t\t\t\t\t\t\t\tKilom\u00e8tres (kms)\t\t\t\t\t\t\t<\/label>\n\t\t\t\t\t\t\t\t\t<input type=\"number\" name=\"form_fields[field_14ff1dd]\" id=\"form-field-field_14ff1dd\" class=\"elementor-field elementor-size-sm  elementor-field-textual\" placeholder=\"Kilom\u00e8tres\" required=\"required\" min=\"\" max=\"\" >\n\t\t\t\t\t\t<\/div>\n\t\t\t\t\t\t\t\t<div class=\"elementor-field-type-number elementor-field-group elementor-column elementor-field-group-field_3bf2213 elementor-col-25 elementor-field-required\">\n\t\t\t\t\t\t\t\t\t\t\t\t<label for=\"form-field-field_3bf2213\" class=\"elementor-field-label\">\n\t\t\t\t\t\t\t\tChevaux (cc)\t\t\t\t\t\t\t<\/label>\n\t\t\t\t\t\t\t\t\t<input type=\"number\" name=\"form_fields[field_3bf2213]\" id=\"form-field-field_3bf2213\" class=\"elementor-field elementor-size-sm  elementor-field-textual\" placeholder=\"Chevaux\" required=\"required\" min=\"\" max=\"\" >\n\t\t\t\t\t\t<\/div>\n\t\t\t\t\t\t\t\t<div class=\"elementor-field-type-step elementor-field-group elementor-column elementor-field-group-field_fdb13ee elementor-col-100\">\n\t\t\t\t\t\t\t<div class=\"e-field-step elementor-hidden\" data-label=\"Choisir un pack\" data-previousButton=\"\" data-nextButton=\"\" data-iconUrl=\"\" data-iconLibrary=\"fas fa-star\" data-icon=\"&lt;svg class=&quot;e-font-icon-svg e-fas-star&quot; viewBox=&quot;0 0 576 512&quot; xmlns=&quot;http:\/\/www.w3.org\/2000\/svg&quot;&gt;&lt;path d=&quot;M259.3 17.8L194 150.2 47.9 171.5c-26.2 3.8-36.7 36.1-17.7 54.6l105.7 103-25 145.5c-4.5 26.3 23.2 46 46.4 33.7L288 439.6l130.7 68.7c23.2 12.2 50.9-7.4 46.4-33.7l-25-145.5 105.7-103c19-18.5 8.5-50.8-17.7-54.6L382 150.2 316.7 17.8c-11.7-23.6-45.6-23.9-57.4 0z&quot;&gt;&lt;\/path&gt;&lt;\/svg&gt;\" ><\/div>\n\n\t\t\t\t\t\t<\/div>\n\t\t\t\t\t\t\t\t<div class=\"elementor-field-type-select elementor-field-group elementor-column elementor-field-group-field_38db157 elementor-col-100\">\n\t\t\t\t\t\t\t<div class=\"elementor-field elementor-select-wrapper remove-before \">\n\t\t\t<div class=\"select-caret-down-wrapper\">\n\t\t\t\t<svg aria-hidden=\"true\" class=\"e-font-icon-svg e-eicon-caret-down\" viewBox=\"0 0 571.4 571.4\" xmlns=\"http:\/\/www.w3.org\/2000\/svg\"><path d=\"M571 393Q571 407 561 418L311 668Q300 679 286 679T261 668L11 418Q0 407 0 393T11 368 36 357H536Q550 357 561 368T571 393Z\"><\/path><\/svg>\t\t\t<\/div>\n\t\t\t<select name=\"form_fields[field_38db157]\" id=\"form-field-field_38db157\" class=\"elementor-field-textual elementor-size-sm\">\n\t\t\t\t\t\t\t\t\t<option value=\"PACK 1 - Tarif\">PACK 1 - Tarif<\/option>\n\t\t\t\t\t\t\t\t\t<option value=\"PACK 2 - Tarif\">PACK 2 - Tarif<\/option>\n\t\t\t\t\t\t\t<\/select>\n\t\t<\/div>\n\t\t\t\t\t\t<\/div>\n\t\t\t\t\t\t\t\t<div class=\"elementor-field-group elementor-column elementor-field-type-submit elementor-col-100 e-form__buttons\">\n\t\t\t\t\t<button class=\"elementor-button elementor-size-sm\" type=\"submit\">\n\t\t\t\t\t\t<span class=\"elementor-button-content-wrapper\">\n\t\t\t\t\t\t\t\t\t\t\t\t\t\t\t\t\t\t\t\t\t\t<span class=\"elementor-button-text\">Envoyer<\/span>\n\t\t\t\t\t\t\t\t\t\t\t\t\t<\/span>\n\t\t\t\t\t<\/button>\n\t\t\t\t<\/div>\n\t\t\t<\/div>\n\t\t<\/form>\n\t\t\t\t\t\t<\/div>\n\t\t\t\t<\/div>\n\t\t\t\t\t<\/div>\n\t\t\t\t<\/div>\n\t\t\t\t\t<\/div>\n\t\t\t\t<\/div>\n\t\t\t\t\t<\/div>\n\t\t\t\t<\/div>\n\t\t\t\t<\/div>\n\t\t","protected":false},"excerpt":{"rendered":"<p>Faire une demande de v\u00e9hicule Notre \u00e9quipe d\u00e9vou\u00e9e est pr\u00eate \u00e0 vous assister, offrant des conseils experts et des r\u00e9ponses \u00e0 toutes vos interrogations. Nous nous engageons \u00e0 vous fournir un service rapide et efficace pour faciliter votre acc\u00e8s \u00e0 des v\u00e9hicules d\u2019exception venus des quatre coins du monde.<\/p>\n","protected":false},"author":1,"featured_media":0,"parent":0,"menu_order":0,"comment_status":"closed","ping_status":"closed","template":"","meta":{"_acf_changed":false,"inline_featured_image":false,"footnotes":""},"class_list":["post-1253","page","type-page","status-publish","hentry"],"acf":[],"_links":{"self":[{"href":"https:\/\/cardealer.dev-atolldesign.com\/index.php\/wp-json\/wp\/v2\/pages\/1253","targetHints":{"allow":["GET"]}}],"collection":[{"href":"https:\/\/cardealer.dev-atolldesign.com\/index.php\/wp-json\/wp\/v2\/pages"}],"about":[{"href":"https:\/\/cardealer.dev-atolldesign.com\/index.php\/wp-json\/wp\/v2\/types\/page"}],"author":[{"embeddable":true,"href":"https:\/\/cardealer.dev-atolldesign.com\/index.php\/wp-json\/wp\/v2\/users\/1"}],"replies":[{"embeddable":true,"href":"https:\/\/cardealer.dev-atolldesign.com\/index.php\/wp-json\/wp\/v2\/comments?post=1253"}],"version-history":[{"count":25,"href":"https:\/\/cardealer.dev-atolldesign.com\/index.php\/wp-json\/wp\/v2\/pages\/1253\/revisions"}],"predecessor-version":[{"id":1619,"href":"https:\/\/cardealer.dev-atolldesign.com\/index.php\/wp-json\/wp\/v2\/pages\/1253\/revisions\/1619"}],"wp:attachment":[{"href":"https:\/\/cardealer.dev-atolldesign.com\/index.php\/wp-json\/wp\/v2\/media?parent=1253"}],"curies":[{"name":"wp","href":"https:\/\/api.w.org\/{rel}","templated":true}]}}