{"id":597,"date":"2023-10-23T16:38:56","date_gmt":"2023-10-23T14:38:56","guid":{"rendered":"https:\/\/cardealer.dev-atolldesign.com\/?page_id=597"},"modified":"2023-10-30T18:40:35","modified_gmt":"2023-10-30T17:40:35","slug":"a-propos","status":"publish","type":"page","link":"https:\/\/cardealer.dev-atolldesign.com\/index.php\/a-propos\/","title":{"rendered":"A propos"},"content":{"rendered":"\t\t<div data-elementor-type=\"wp-page\" data-elementor-id=\"597\" class=\"elementor elementor-597\" data-elementor-post-type=\"page\">\n\t\t\t\t<div class=\"elementor-element elementor-element-d48d76e e-con-full e-flex e-con e-parent\" data-id=\"d48d76e\" data-element_type=\"container\" data-e-type=\"container\" data-settings=\"{&quot;background_background&quot;:&quot;classic&quot;}\">\n\t\t<div class=\"elementor-element elementor-element-35857f5 e-con-full e-flex e-con e-child\" data-id=\"35857f5\" data-element_type=\"container\" data-e-type=\"container\" data-settings=\"{&quot;background_background&quot;:&quot;classic&quot;}\">\n\t\t<div class=\"elementor-element elementor-element-ef653a9 e-flex e-con-boxed e-con e-child\" data-id=\"ef653a9\" data-element_type=\"container\" data-e-type=\"container\">\n\t\t\t\t\t<div class=\"e-con-inner\">\n\t\t\t\t<div class=\"elementor-element elementor-element-2cefe29 elementor-widget elementor-widget-heading\" data-id=\"2cefe29\" data-element_type=\"widget\" data-e-type=\"widget\" data-widget_type=\"heading.default\">\n\t\t\t\t<div class=\"elementor-widget-container\">\n\t\t\t\t\t<h2 class=\"elementor-heading-title elementor-size-default\">A propos de Car Dealer<\/h2>\t\t\t\t<\/div>\n\t\t\t\t<\/div>\n\t\t\t\t<div class=\"elementor-element elementor-element-ad3bb37 elementor-widget__width-initial elementor-widget elementor-widget-text-editor\" data-id=\"ad3bb37\" data-element_type=\"widget\" data-e-type=\"widget\" data-widget_type=\"text-editor.default\">\n\t\t\t\t<div class=\"elementor-widget-container\">\n\t\t\t\t\t\t\t\t\tNotre \u00e9quipe d\u00e9vou\u00e9e est pr\u00eate \u00e0 vous assister, offrant des conseils experts et des r\u00e9ponses \u00e0 toutes vos interrogations. Nous nous engageons \u00e0 vous fournir un service rapide et efficace pour faciliter votre acc\u00e8s \u00e0 des v\u00e9hicules d\u2019exception venus des quatre coins du monde.\t\t\t\t\t\t\t\t<\/div>\n\t\t\t\t<\/div>\n\t\t\t\t<div class=\"elementor-element elementor-element-aed04fa elementor-widget elementor-widget-button\" data-id=\"aed04fa\" data-element_type=\"widget\" data-e-type=\"widget\" data-widget_type=\"button.default\">\n\t\t\t\t<div class=\"elementor-widget-container\">\n\t\t\t\t\t\t\t\t\t<div class=\"elementor-button-wrapper\">\n\t\t\t\t\t<a class=\"elementor-button elementor-button-link elementor-size-sm\" href=\"#\">\n\t\t\t\t\t\t<span class=\"elementor-button-content-wrapper\">\n\t\t\t\t\t\t\t\t\t<span class=\"elementor-button-text\">D\u00e9couvrir<\/span>\n\t\t\t\t\t<\/span>\n\t\t\t\t\t<\/a>\n\t\t\t\t<\/div>\n\t\t\t\t\t\t\t\t<\/div>\n\t\t\t\t<\/div>\n\t\t\t\t\t<\/div>\n\t\t\t\t<\/div>\n\t\t<div class=\"elementor-element elementor-element-a39268f elementor-hidden-tablet elementor-hidden-mobile e-flex e-con-boxed e-con e-child\" data-id=\"a39268f\" data-element_type=\"container\" data-e-type=\"container\">\n\t\t\t\t\t<div class=\"e-con-inner\">\n\t\t\t\t\t<\/div>\n\t\t\t\t<\/div>\n\t\t<div class=\"elementor-element elementor-element-80aa119 elementor-hidden-tablet elementor-hidden-mobile e-flex e-con-boxed e-con e-child\" data-id=\"80aa119\" data-element_type=\"container\" data-e-type=\"container\">\n\t\t\t\t\t<div class=\"e-con-inner\">\n\t\t\t\t\t<\/div>\n\t\t\t\t<\/div>\n\t\t\t\t<\/div>\n\t\t\t\t<\/div>\n\t\t<div class=\"elementor-element elementor-element-41a6d91 e-con-full e-flex e-con e-parent\" data-id=\"41a6d91\" data-element_type=\"container\" data-e-type=\"container\" data-settings=\"{&quot;background_background&quot;:&quot;classic&quot;}\">\n\t\t<div class=\"elementor-element elementor-element-2c52789 e-con-full e-flex e-con e-child\" data-id=\"2c52789\" data-element_type=\"container\" data-e-type=\"container\">\n\t\t<div class=\"elementor-element elementor-element-f756f06 e-flex e-con-boxed e-con e-child\" data-id=\"f756f06\" data-element_type=\"container\" data-e-type=\"container\">\n\t\t\t\t\t<div class=\"e-con-inner\">\n\t\t\t\t<div class=\"elementor-element elementor-element-e5887a1 elementor-widget elementor-widget-heading\" data-id=\"e5887a1\" data-element_type=\"widget\" data-e-type=\"widget\" data-widget_type=\"heading.default\">\n\t\t\t\t<div class=\"elementor-widget-container\">\n\t\t\t\t\t<h2 class=\"elementor-heading-title elementor-size-default\">Importation de V\u00e9hicules<\/h2>\t\t\t\t<\/div>\n\t\t\t\t<\/div>\n\t\t\t\t<div class=\"elementor-element elementor-element-c30cc7a elementor-widget elementor-widget-text-editor\" data-id=\"c30cc7a\" data-element_type=\"widget\" data-e-type=\"widget\" data-widget_type=\"text-editor.default\">\n\t\t\t\t<div class=\"elementor-widget-container\">\n\t\t\t\t\t\t\t\t\tChez Car Dealer, nous \u00e9largissons vos horizons en mati\u00e8re de choix automobiles en important des v\u00e9hicules d\u2019exception de toute l&rsquo;Europe et du Japon. Notre r\u00e9seau \u00e9tendu et nos partenariats solides nous permettent de d\u00e9nicher des gemmes automobiles rares et recherch\u00e9es, vous offrant ainsi un acc\u00e8s privil\u00e9gi\u00e9 \u00e0 une diversit\u00e9 in\u00e9gal\u00e9e de mod\u00e8les et de marques. Chaque voiture est s\u00e9lectionn\u00e9e avec soin pour garantir qu\u2019elle r\u00e9pond \u00e0 nos crit\u00e8res rigoureux de qualit\u00e9, de performance et d&rsquo;authenticit\u00e9. Avec Car Dealer, le monde des voitures exceptionnelles est \u00e0 votre port\u00e9e, vous invitant \u00e0 un voyage o\u00f9 la qualit\u00e9 europ\u00e9enne rencontre l&rsquo;innovation japonaise.\n\n\t\t\t\t\t\t\t\t<\/div>\n\t\t\t\t<\/div>\n\t\t\t\t<div class=\"elementor-element elementor-element-67e81ce elementor-widget elementor-widget-button\" data-id=\"67e81ce\" data-element_type=\"widget\" data-e-type=\"widget\" data-widget_type=\"button.default\">\n\t\t\t\t<div class=\"elementor-widget-container\">\n\t\t\t\t\t\t\t\t\t<div class=\"elementor-button-wrapper\">\n\t\t\t\t\t<a class=\"elementor-button elementor-button-link elementor-size-sm\" href=\"https:\/\/cardealer.dev-atolldesign.com\/index.php\/voitures-en-stock\/\">\n\t\t\t\t\t\t<span class=\"elementor-button-content-wrapper\">\n\t\t\t\t\t\t\t\t\t<span class=\"elementor-button-text\">Voir les v\u00e9hicules<\/span>\n\t\t\t\t\t<\/span>\n\t\t\t\t\t<\/a>\n\t\t\t\t<\/div>\n\t\t\t\t\t\t\t\t<\/div>\n\t\t\t\t<\/div>\n\t\t\t\t\t<\/div>\n\t\t\t\t<\/div>\n\t\t\t\t<\/div>\n\t\t<div class=\"elementor-element elementor-element-9462c5b e-con-full e-flex e-con e-child\" data-id=\"9462c5b\" data-element_type=\"container\" data-e-type=\"container\">\n\t\t\t\t<div class=\"elementor-element elementor-element-bb5284e elementor-widget elementor-widget-image\" data-id=\"bb5284e\" data-element_type=\"widget\" data-e-type=\"widget\" data-widget_type=\"image.default\">\n\t\t\t\t<div class=\"elementor-widget-container\">\n\t\t\t\t\t\t\t\t\t\t\t\t\t\t\t<img fetchpriority=\"high\" decoding=\"async\" width=\"800\" height=\"450\" src=\"https:\/\/cardealer.dev-atolldesign.com\/wp-content\/uploads\/2023\/10\/AdobeStock_545774525-1024x576.webp\" class=\"attachment-large size-large wp-image-648\" alt=\"\" srcset=\"https:\/\/cardealer.dev-atolldesign.com\/wp-content\/uploads\/2023\/10\/AdobeStock_545774525-1024x576.webp 1024w, https:\/\/cardealer.dev-atolldesign.com\/wp-content\/uploads\/2023\/10\/AdobeStock_545774525-300x169.webp 300w, https:\/\/cardealer.dev-atolldesign.com\/wp-content\/uploads\/2023\/10\/AdobeStock_545774525-768x432.webp 768w, https:\/\/cardealer.dev-atolldesign.com\/wp-content\/uploads\/2023\/10\/AdobeStock_545774525-1536x864.webp 1536w, https:\/\/cardealer.dev-atolldesign.com\/wp-content\/uploads\/2023\/10\/AdobeStock_545774525.webp 1920w\" sizes=\"(max-width: 800px) 100vw, 800px\" \/>\t\t\t\t\t\t\t\t\t\t\t\t\t\t\t<\/div>\n\t\t\t\t<\/div>\n\t\t<div class=\"elementor-element elementor-element-35c8d99 e-flex e-con-boxed e-con e-child\" data-id=\"35c8d99\" data-element_type=\"container\" data-e-type=\"container\">\n\t\t\t\t\t<div class=\"e-con-inner\">\n\t\t<div class=\"elementor-element elementor-element-a80cf69 e-con-full e-flex e-con e-child\" data-id=\"a80cf69\" data-element_type=\"container\" data-e-type=\"container\">\n\t\t\t\t<div class=\"elementor-element elementor-element-0585f18 elementor-widget elementor-widget-image\" data-id=\"0585f18\" data-element_type=\"widget\" data-e-type=\"widget\" data-widget_type=\"image.default\">\n\t\t\t\t<div class=\"elementor-widget-container\">\n\t\t\t\t\t\t\t\t\t\t\t\t\t\t\t<img decoding=\"async\" width=\"800\" height=\"800\" src=\"https:\/\/cardealer.dev-atolldesign.com\/wp-content\/uploads\/2023\/10\/europe.svg\" class=\"attachment-large size-large wp-image-603\" alt=\"\" \/>\t\t\t\t\t\t\t\t\t\t\t\t\t\t\t<\/div>\n\t\t\t\t<\/div>\n\t\t\t\t<div class=\"elementor-element elementor-element-9133b8d elementor-widget elementor-widget-heading\" data-id=\"9133b8d\" data-element_type=\"widget\" data-e-type=\"widget\" data-widget_type=\"heading.default\">\n\t\t\t\t<div class=\"elementor-widget-container\">\n\t\t\t\t\t<h2 class=\"elementor-heading-title elementor-size-default\">Europe<\/h2>\t\t\t\t<\/div>\n\t\t\t\t<\/div>\n\t\t\t\t<\/div>\n\t\t<div class=\"elementor-element elementor-element-c0e8e98 e-con-full e-flex e-con e-child\" data-id=\"c0e8e98\" data-element_type=\"container\" data-e-type=\"container\">\n\t\t\t\t<div class=\"elementor-element elementor-element-4caca44 elementor-widget elementor-widget-image\" data-id=\"4caca44\" data-element_type=\"widget\" data-e-type=\"widget\" data-widget_type=\"image.default\">\n\t\t\t\t<div class=\"elementor-widget-container\">\n\t\t\t\t\t\t\t\t\t\t\t\t\t\t\t<img decoding=\"async\" width=\"800\" height=\"800\" src=\"https:\/\/cardealer.dev-atolldesign.com\/wp-content\/uploads\/2023\/10\/japon.svg\" class=\"attachment-large size-large wp-image-602\" alt=\"\" \/>\t\t\t\t\t\t\t\t\t\t\t\t\t\t\t<\/div>\n\t\t\t\t<\/div>\n\t\t\t\t<div class=\"elementor-element elementor-element-bafb106 elementor-widget elementor-widget-heading\" data-id=\"bafb106\" data-element_type=\"widget\" data-e-type=\"widget\" data-widget_type=\"heading.default\">\n\t\t\t\t<div class=\"elementor-widget-container\">\n\t\t\t\t\t<h2 class=\"elementor-heading-title elementor-size-default\">Japon<\/h2>\t\t\t\t<\/div>\n\t\t\t\t<\/div>\n\t\t\t\t<\/div>\n\t\t\t\t\t<\/div>\n\t\t\t\t<\/div>\n\t\t\t\t<\/div>\n\t\t\t\t<\/div>\n\t\t<div class=\"elementor-element elementor-element-38f2a32 e-flex e-con-boxed e-con e-parent\" data-id=\"38f2a32\" data-element_type=\"container\" data-e-type=\"container\" data-settings=\"{&quot;background_background&quot;:&quot;classic&quot;}\">\n\t\t\t\t\t<div class=\"e-con-inner\">\n\t\t\t\t<div class=\"elementor-element elementor-element-bed8b43 elementor-widget elementor-widget-video\" data-id=\"bed8b43\" data-element_type=\"widget\" data-e-type=\"widget\" data-settings=\"{&quot;youtube_url&quot;:&quot;https:\\\/\\\/www.youtube.com\\\/watch?v=XHOmBV4js_E&quot;,&quot;video_type&quot;:&quot;youtube&quot;,&quot;controls&quot;:&quot;yes&quot;}\" data-widget_type=\"video.default\">\n\t\t\t\t<div class=\"elementor-widget-container\">\n\t\t\t\t\t\t\t<div class=\"elementor-wrapper elementor-open-inline\">\n\t\t\t<div class=\"elementor-video\"><\/div>\t\t<\/div>\n\t\t\t\t\t\t<\/div>\n\t\t\t\t<\/div>\n\t\t\t\t\t<\/div>\n\t\t\t\t<\/div>\n\t\t<div class=\"elementor-element elementor-element-3557725 e-flex e-con-boxed e-con e-parent\" data-id=\"3557725\" data-element_type=\"container\" data-e-type=\"container\" data-settings=\"{&quot;background_background&quot;:&quot;classic&quot;}\">\n\t\t\t\t\t<div class=\"e-con-inner\">\n\t\t<div class=\"elementor-element elementor-element-a23812a e-flex e-con-boxed e-con e-child\" data-id=\"a23812a\" data-element_type=\"container\" data-e-type=\"container\">\n\t\t\t\t\t<div class=\"e-con-inner\">\n\t\t\t\t<div class=\"elementor-element elementor-element-ae6b3c3 elementor-widget elementor-widget-heading\" data-id=\"ae6b3c3\" data-element_type=\"widget\" data-e-type=\"widget\" data-widget_type=\"heading.default\">\n\t\t\t\t<div class=\"elementor-widget-container\">\n\t\t\t\t\t<h2 class=\"elementor-heading-title elementor-size-default\">L'\u00e9quipe<\/h2>\t\t\t\t<\/div>\n\t\t\t\t<\/div>\n\t\t\t\t<div class=\"elementor-element elementor-element-a09d9c6 elementor-widget elementor-widget-text-editor\" data-id=\"a09d9c6\" data-element_type=\"widget\" data-e-type=\"widget\" data-widget_type=\"text-editor.default\">\n\t\t\t\t<div class=\"elementor-widget-container\">\n\t\t\t\t\t\t\t\t\t<p>Chez Car Dealer, notre force r\u00e9side dans notre \u00e9quipe, un groupe de professionnels passionn\u00e9s et d\u00e9vou\u00e9s. Chaque membre joue un r\u00f4le cl\u00e9 dans la r\u00e9alisation de vos r\u00eaves automobiles. Nous combinons expertise, passion et d\u00e9vouement pour vous offrir une exp\u00e9rience exceptionnelle, marqu\u00e9e par la confiance, le professionnalisme et la qualit\u00e9. Faites connaissance avec les visages qui font de Car Dealer une r\u00e9f\u00e9rence dans l&rsquo;importation et la vente de v\u00e9hicules de qualit\u00e9.<\/p>\t\t\t\t\t\t\t\t<\/div>\n\t\t\t\t<\/div>\n\t\t\t\t\t<\/div>\n\t\t\t\t<\/div>\n\t\t<div class=\"elementor-element elementor-element-823b7d6 e-con-full e-flex e-con e-child\" data-id=\"823b7d6\" data-element_type=\"container\" data-e-type=\"container\">\n\t\t\t\t<div class=\"elementor-element elementor-element-dff0513 elementor-widget elementor-widget-premium-addon-person\" data-id=\"dff0513\" data-element_type=\"widget\" data-e-type=\"widget\" data-settings=\"{&quot;persons_per_row&quot;:&quot;50%&quot;,&quot;carousel&quot;:&quot;yes&quot;,&quot;carousel_play&quot;:&quot;yes&quot;,&quot;persons_per_row_tablet&quot;:&quot;100%&quot;,&quot;persons_per_row_mobile&quot;:&quot;100%&quot;,&quot;speed&quot;:5000}\" data-widget_type=\"premium-addon-person.default\">\n\t\t\t\t<div class=\"elementor-widget-container\">\n\t\t\t\t\t\t\t<div class=\"premium-persons-container premium-person-style2 multiple-persons\" data-persons-equal=\"\" data-carousel=\"1\" data-rtl=\"\">\n\t\t\t\t\t\t\t\t<div class=\"premium-person-container premium-person-zoomin-effect\">\n\t\t\t\t\t\t<div class=\"premium-person-image-container\">\n\t\t\t\t\t\t<img loading=\"lazy\" decoding=\"async\" width=\"1080\" height=\"1080\" src=\"https:\/\/cardealer.dev-atolldesign.com\/wp-content\/uploads\/2023\/10\/AdobeStock_487359003.webp\" class=\"attachment-full size-full wp-image-1436\" alt=\"\" srcset=\"https:\/\/cardealer.dev-atolldesign.com\/wp-content\/uploads\/2023\/10\/AdobeStock_487359003.webp 1080w, https:\/\/cardealer.dev-atolldesign.com\/wp-content\/uploads\/2023\/10\/AdobeStock_487359003-300x300.webp 300w, https:\/\/cardealer.dev-atolldesign.com\/wp-content\/uploads\/2023\/10\/AdobeStock_487359003-1024x1024.webp 1024w, https:\/\/cardealer.dev-atolldesign.com\/wp-content\/uploads\/2023\/10\/AdobeStock_487359003-150x150.webp 150w, https:\/\/cardealer.dev-atolldesign.com\/wp-content\/uploads\/2023\/10\/AdobeStock_487359003-768x768.webp 768w, https:\/\/cardealer.dev-atolldesign.com\/wp-content\/uploads\/2023\/10\/AdobeStock_487359003-650x650.webp 650w\" sizes=\"(max-width: 1080px) 100vw, 1080px\" \/>\t\t\t\t\t\t\t\t\t\t\t\t\t<\/div>\n\t\t\t\t\t\t<div class=\"premium-person-info\">\n\t\t\t\t\t\t\t\t\t\t<div class=\"premium-person-info-container\">\n\t\t\t\t\t\t\t\t\t<h2 class=\"premium-person-name\">Julien Moreau<\/h2>\n\t\t\t\t\t\t\t\t\t\t\t<h4 class=\"premium-person-title\">\n\t\t\t\t\t\t\t<span>Directeur G\u00e9n\u00e9ral<\/span>\n\t\t\t\t\t\t<\/h4>\n\t\t\t\t\t\t\t\t<\/div>\n\t\t\t\t\t\t\t\t\t<\/div>\n\t\t\t\t\t<\/div>\n\t\t\t\t\t\t\t\t\t\t<div class=\"premium-person-container premium-person-zoomin-effect\">\n\t\t\t\t\t\t<div class=\"premium-person-image-container\">\n\t\t\t\t\t\t<img loading=\"lazy\" decoding=\"async\" width=\"1080\" height=\"1080\" src=\"https:\/\/cardealer.dev-atolldesign.com\/wp-content\/uploads\/2023\/10\/AdobeStock_526285773-1.webp\" class=\"attachment-full size-full wp-image-1438\" alt=\"\" srcset=\"https:\/\/cardealer.dev-atolldesign.com\/wp-content\/uploads\/2023\/10\/AdobeStock_526285773-1.webp 1080w, https:\/\/cardealer.dev-atolldesign.com\/wp-content\/uploads\/2023\/10\/AdobeStock_526285773-1-300x300.webp 300w, https:\/\/cardealer.dev-atolldesign.com\/wp-content\/uploads\/2023\/10\/AdobeStock_526285773-1-1024x1024.webp 1024w, https:\/\/cardealer.dev-atolldesign.com\/wp-content\/uploads\/2023\/10\/AdobeStock_526285773-1-150x150.webp 150w, https:\/\/cardealer.dev-atolldesign.com\/wp-content\/uploads\/2023\/10\/AdobeStock_526285773-1-768x768.webp 768w, https:\/\/cardealer.dev-atolldesign.com\/wp-content\/uploads\/2023\/10\/AdobeStock_526285773-1-650x650.webp 650w\" sizes=\"(max-width: 1080px) 100vw, 1080px\" \/>\t\t\t\t\t\t\t\t\t\t\t\t\t<\/div>\n\t\t\t\t\t\t<div class=\"premium-person-info\">\n\t\t\t\t\t\t\t\t\t\t<div class=\"premium-person-info-container\">\n\t\t\t\t\t\t\t\t\t<h2 class=\"premium-person-name\">Nathalie Dupont<\/h2>\n\t\t\t\t\t\t\t\t\t\t\t<h4 class=\"premium-person-title\">\n\t\t\t\t\t\t\t<span>Directrice des Achats<\/span>\n\t\t\t\t\t\t<\/h4>\n\t\t\t\t\t\t\t\t<\/div>\n\t\t\t\t\t\t\t\t\t<\/div>\n\t\t\t\t\t<\/div>\n\t\t\t\t\t\t\t\t\t\t<div class=\"premium-person-container premium-person-zoomin-effect\">\n\t\t\t\t\t\t<div class=\"premium-person-image-container\">\n\t\t\t\t\t\t<img loading=\"lazy\" decoding=\"async\" width=\"1080\" height=\"1080\" src=\"https:\/\/cardealer.dev-atolldesign.com\/wp-content\/uploads\/2023\/10\/AdobeStock_474056867-1.webp\" class=\"attachment-full size-full wp-image-1439\" alt=\"\" srcset=\"https:\/\/cardealer.dev-atolldesign.com\/wp-content\/uploads\/2023\/10\/AdobeStock_474056867-1.webp 1080w, https:\/\/cardealer.dev-atolldesign.com\/wp-content\/uploads\/2023\/10\/AdobeStock_474056867-1-300x300.webp 300w, https:\/\/cardealer.dev-atolldesign.com\/wp-content\/uploads\/2023\/10\/AdobeStock_474056867-1-1024x1024.webp 1024w, https:\/\/cardealer.dev-atolldesign.com\/wp-content\/uploads\/2023\/10\/AdobeStock_474056867-1-150x150.webp 150w, https:\/\/cardealer.dev-atolldesign.com\/wp-content\/uploads\/2023\/10\/AdobeStock_474056867-1-768x768.webp 768w, https:\/\/cardealer.dev-atolldesign.com\/wp-content\/uploads\/2023\/10\/AdobeStock_474056867-1-650x650.webp 650w\" sizes=\"(max-width: 1080px) 100vw, 1080px\" \/>\t\t\t\t\t\t\t\t\t\t\t\t\t\t\t<div class=\"premium-person-social\">\n\t\t\t\t\t\t\t\t\t<ul class=\"premium-person-social-list\">\t\t\t\t<li class=\"elementor-icon premium-person-list-item premium-person-facebook\">\n\t\t\t\t\t<a href=\"#\" target=\"_blank\">\n\t\t\t\t\t\t<i class=\"fab fa-facebook-f\" aria-hidden=\"true\"><\/i>\n\t\t\t\t\t<\/a>\n\t\t\t\t<\/li>\n\t\t\t\t\t\t\t\t<li class=\"elementor-icon premium-person-list-item premium-person-twitter\">\n\t\t\t\t\t<a href=\"#\" target=\"_blank\">\n\t\t\t\t\t\t<i class=\"fab fa-twitter\" aria-hidden=\"true\"><\/i>\n\t\t\t\t\t<\/a>\n\t\t\t\t<\/li>\n\t\t\t\t\t\t\t\t<li class=\"elementor-icon premium-person-list-item premium-person-instagram\">\n\t\t\t\t\t<a href=\"#\" target=\"_blank\">\n\t\t\t\t\t\t<i class=\"fab fa-instagram\" aria-hidden=\"true\"><\/i>\n\t\t\t\t\t<\/a>\n\t\t\t\t<\/li>\n\t\t\t\t\t\t\t\t<li class=\"elementor-icon premium-person-list-item premium-person-dribbble\">\n\t\t\t\t\t<a href=\"#\" target=\"_blank\">\n\t\t\t\t\t\t<i class=\"fab fa-dribbble\" aria-hidden=\"true\"><\/i>\n\t\t\t\t\t<\/a>\n\t\t\t\t<\/li>\n\t\t\t\t<\/ul>\t\t\t\t\t\t\t\t<\/div>\n\t\t\t\t\t\t\t\t\t\t\t\t\t<\/div>\n\t\t\t\t\t\t<div class=\"premium-person-info\">\n\t\t\t\t\t\t\t\t\t\t<div class=\"premium-person-info-container\">\n\t\t\t\t\t\t\t\t\t<h2 class=\"premium-person-name\">Marc Bernard<\/h2>\n\t\t\t\t\t\t\t\t\t\t\t<h4 class=\"premium-person-title\">\n\t\t\t\t\t\t\t<span>Responsable Import \/ Logistique<\/span>\n\t\t\t\t\t\t<\/h4>\n\t\t\t\t\t\t\t\t<\/div>\n\t\t\t\t\t\t\t\t\t<\/div>\n\t\t\t\t\t<\/div>\n\t\t\t\t\t\t\t\t\t\t<div class=\"premium-person-container premium-person-zoomin-effect\">\n\t\t\t\t\t\t<div class=\"premium-person-image-container\">\n\t\t\t\t\t\t<img loading=\"lazy\" decoding=\"async\" width=\"1080\" height=\"1080\" src=\"https:\/\/cardealer.dev-atolldesign.com\/wp-content\/uploads\/2023\/10\/AdobeStock_175962278-1.webp\" class=\"attachment-full size-full wp-image-1435\" alt=\"\" srcset=\"https:\/\/cardealer.dev-atolldesign.com\/wp-content\/uploads\/2023\/10\/AdobeStock_175962278-1.webp 1080w, https:\/\/cardealer.dev-atolldesign.com\/wp-content\/uploads\/2023\/10\/AdobeStock_175962278-1-300x300.webp 300w, https:\/\/cardealer.dev-atolldesign.com\/wp-content\/uploads\/2023\/10\/AdobeStock_175962278-1-1024x1024.webp 1024w, https:\/\/cardealer.dev-atolldesign.com\/wp-content\/uploads\/2023\/10\/AdobeStock_175962278-1-150x150.webp 150w, https:\/\/cardealer.dev-atolldesign.com\/wp-content\/uploads\/2023\/10\/AdobeStock_175962278-1-768x768.webp 768w, https:\/\/cardealer.dev-atolldesign.com\/wp-content\/uploads\/2023\/10\/AdobeStock_175962278-1-650x650.webp 650w\" sizes=\"(max-width: 1080px) 100vw, 1080px\" \/>\t\t\t\t\t\t\t\t\t\t\t\t\t\t\t<div class=\"premium-person-social\">\n\t\t\t\t\t\t\t\t\t<ul class=\"premium-person-social-list\">\t\t\t\t<li class=\"elementor-icon premium-person-list-item premium-person-facebook\">\n\t\t\t\t\t<a href=\"#\" target=\"_blank\">\n\t\t\t\t\t\t<i class=\"fab fa-facebook-f\" aria-hidden=\"true\"><\/i>\n\t\t\t\t\t<\/a>\n\t\t\t\t<\/li>\n\t\t\t\t\t\t\t\t<li class=\"elementor-icon premium-person-list-item premium-person-twitter\">\n\t\t\t\t\t<a href=\"#\" target=\"_blank\">\n\t\t\t\t\t\t<i class=\"fab fa-twitter\" aria-hidden=\"true\"><\/i>\n\t\t\t\t\t<\/a>\n\t\t\t\t<\/li>\n\t\t\t\t\t\t\t\t<li class=\"elementor-icon premium-person-list-item premium-person-instagram\">\n\t\t\t\t\t<a href=\"#\" target=\"_blank\">\n\t\t\t\t\t\t<i class=\"fab fa-instagram\" aria-hidden=\"true\"><\/i>\n\t\t\t\t\t<\/a>\n\t\t\t\t<\/li>\n\t\t\t\t\t\t\t\t<li class=\"elementor-icon premium-person-list-item premium-person-dribbble\">\n\t\t\t\t\t<a href=\"#\" target=\"_blank\">\n\t\t\t\t\t\t<i class=\"fab fa-dribbble\" aria-hidden=\"true\"><\/i>\n\t\t\t\t\t<\/a>\n\t\t\t\t<\/li>\n\t\t\t\t<\/ul>\t\t\t\t\t\t\t\t<\/div>\n\t\t\t\t\t\t\t\t\t\t\t\t\t<\/div>\n\t\t\t\t\t\t<div class=\"premium-person-info\">\n\t\t\t\t\t\t\t\t\t\t<div class=\"premium-person-info-container\">\n\t\t\t\t\t\t\t\t\t<h2 class=\"premium-person-name\">Isabelle Leroy<\/h2>\n\t\t\t\t\t\t\t\t\t\t\t<h4 class=\"premium-person-title\">\n\t\t\t\t\t\t\t<span>Responsable des Ventes<\/span>\n\t\t\t\t\t\t<\/h4>\n\t\t\t\t\t\t\t\t<\/div>\n\t\t\t\t\t\t\t\t\t<\/div>\n\t\t\t\t\t<\/div>\n\t\t\t\t\t\t\t\t\t\t<div class=\"premium-person-container premium-person-zoomin-effect\">\n\t\t\t\t\t\t<div class=\"premium-person-image-container\">\n\t\t\t\t\t\t<img loading=\"lazy\" decoding=\"async\" width=\"1080\" height=\"1080\" src=\"https:\/\/cardealer.dev-atolldesign.com\/wp-content\/uploads\/2023\/10\/AdobeStock_321693359-1.webp\" class=\"attachment-full size-full wp-image-1437\" alt=\"\" srcset=\"https:\/\/cardealer.dev-atolldesign.com\/wp-content\/uploads\/2023\/10\/AdobeStock_321693359-1.webp 1080w, https:\/\/cardealer.dev-atolldesign.com\/wp-content\/uploads\/2023\/10\/AdobeStock_321693359-1-300x300.webp 300w, https:\/\/cardealer.dev-atolldesign.com\/wp-content\/uploads\/2023\/10\/AdobeStock_321693359-1-1024x1024.webp 1024w, https:\/\/cardealer.dev-atolldesign.com\/wp-content\/uploads\/2023\/10\/AdobeStock_321693359-1-150x150.webp 150w, https:\/\/cardealer.dev-atolldesign.com\/wp-content\/uploads\/2023\/10\/AdobeStock_321693359-1-768x768.webp 768w, https:\/\/cardealer.dev-atolldesign.com\/wp-content\/uploads\/2023\/10\/AdobeStock_321693359-1-650x650.webp 650w\" sizes=\"(max-width: 1080px) 100vw, 1080px\" \/>\t\t\t\t\t\t\t\t\t\t\t\t\t\t\t<div class=\"premium-person-social\">\n\t\t\t\t\t\t\t\t\t<ul class=\"premium-person-social-list\">\t\t\t\t<li class=\"elementor-icon premium-person-list-item premium-person-facebook\">\n\t\t\t\t\t<a href=\"#\" target=\"_blank\">\n\t\t\t\t\t\t<i class=\"fab fa-facebook-f\" aria-hidden=\"true\"><\/i>\n\t\t\t\t\t<\/a>\n\t\t\t\t<\/li>\n\t\t\t\t\t\t\t\t<li class=\"elementor-icon premium-person-list-item premium-person-twitter\">\n\t\t\t\t\t<a href=\"#\" target=\"_blank\">\n\t\t\t\t\t\t<i class=\"fab fa-twitter\" aria-hidden=\"true\"><\/i>\n\t\t\t\t\t<\/a>\n\t\t\t\t<\/li>\n\t\t\t\t\t\t\t\t<li class=\"elementor-icon premium-person-list-item premium-person-instagram\">\n\t\t\t\t\t<a href=\"#\" target=\"_blank\">\n\t\t\t\t\t\t<i class=\"fab fa-instagram\" aria-hidden=\"true\"><\/i>\n\t\t\t\t\t<\/a>\n\t\t\t\t<\/li>\n\t\t\t\t\t\t\t\t<li class=\"elementor-icon premium-person-list-item premium-person-dribbble\">\n\t\t\t\t\t<a href=\"#\" target=\"_blank\">\n\t\t\t\t\t\t<i class=\"fab fa-dribbble\" aria-hidden=\"true\"><\/i>\n\t\t\t\t\t<\/a>\n\t\t\t\t<\/li>\n\t\t\t\t<\/ul>\t\t\t\t\t\t\t\t<\/div>\n\t\t\t\t\t\t\t\t\t\t\t\t\t<\/div>\n\t\t\t\t\t\t<div class=\"premium-person-info\">\n\t\t\t\t\t\t\t\t\t\t<div class=\"premium-person-info-container\">\n\t\t\t\t\t\t\t\t\t<h2 class=\"premium-person-name\">Aurore Chevalier<\/h2>\n\t\t\t\t\t\t\t\t\t\t\t<h4 class=\"premium-person-title\">\n\t\t\t\t\t\t\t<span>Responsable du Service Apr\u00e8s-Vente<\/span>\n\t\t\t\t\t\t<\/h4>\n\t\t\t\t\t\t\t\t<\/div>\n\t\t\t\t\t\t\t\t\t<\/div>\n\t\t\t\t\t<\/div>\n\t\t\t\t\t\t\t<\/div>\n\t\t\t\t\t\t<\/div>\n\t\t\t\t<\/div>\n\t\t\t\t<\/div>\n\t\t\t\t\t<\/div>\n\t\t\t\t<\/div>\n\t\t\t\t<\/div>\n\t\t","protected":false},"excerpt":{"rendered":"<p>A propos de Car Dealer Notre \u00e9quipe d\u00e9vou\u00e9e est pr\u00eate \u00e0 vous assister, offrant des conseils experts et des r\u00e9ponses \u00e0 toutes vos interrogations. Nous nous engageons \u00e0 vous fournir un service rapide et efficace pour faciliter votre acc\u00e8s \u00e0 des v\u00e9hicules d\u2019exception venus des quatre coins du monde. D\u00e9couvrir Importation de V\u00e9hicules Chez Car [&hellip;]<\/p>\n","protected":false},"author":1,"featured_media":0,"parent":0,"menu_order":0,"comment_status":"closed","ping_status":"closed","template":"","meta":{"_acf_changed":false,"inline_featured_image":false,"footnotes":""},"class_list":["post-597","page","type-page","status-publish","hentry"],"acf":[],"_links":{"self":[{"href":"https:\/\/cardealer.dev-atolldesign.com\/index.php\/wp-json\/wp\/v2\/pages\/597","targetHints":{"allow":["GET"]}}],"collection":[{"href":"https:\/\/cardealer.dev-atolldesign.com\/index.php\/wp-json\/wp\/v2\/pages"}],"about":[{"href":"https:\/\/cardealer.dev-atolldesign.com\/index.php\/wp-json\/wp\/v2\/types\/page"}],"author":[{"embeddable":true,"href":"https:\/\/cardealer.dev-atolldesign.com\/index.php\/wp-json\/wp\/v2\/users\/1"}],"replies":[{"embeddable":true,"href":"https:\/\/cardealer.dev-atolldesign.com\/index.php\/wp-json\/wp\/v2\/comments?post=597"}],"version-history":[{"count":94,"href":"https:\/\/cardealer.dev-atolldesign.com\/index.php\/wp-json\/wp\/v2\/pages\/597\/revisions"}],"predecessor-version":[{"id":1613,"href":"https:\/\/cardealer.dev-atolldesign.com\/index.php\/wp-json\/wp\/v2\/pages\/597\/revisions\/1613"}],"wp:attachment":[{"href":"https:\/\/cardealer.dev-atolldesign.com\/index.php\/wp-json\/wp\/v2\/media?parent=597"}],"curies":[{"name":"wp","href":"https:\/\/api.w.org\/{rel}","templated":true}]}}